{"id":646,"date":"2024-04-22T08:13:01","date_gmt":"2024-04-22T06:13:01","guid":{"rendered":"http:\/\/unita.dobrasit.cz\/?page_id=646"},"modified":"2025-03-11T12:46:24","modified_gmt":"2025-03-11T11:46:24","slug":"termona-vision","status":"publish","type":"page","link":"https:\/\/unita.cz\/en\/termona-vision\/","title":{"rendered":"Termona Vision"},"content":{"rendered":"<div data-elementor-type=\"wp-page\" data-elementor-id=\"646\" class=\"elementor elementor-646\" data-elementor-post-type=\"page\">\n\t\t\t\t<div class=\"elementor-element elementor-element-40d7b26 e-con-full e-flex e-con e-parent\" data-id=\"40d7b26\" data-element_type=\"container\">\n\t\t\t\t<div class=\"elementor-element elementor-element-78646eb elementor-widget elementor-widget-image\" data-id=\"78646eb\" data-element_type=\"widget\" data-widget_type=\"image.default\">\n\t\t\t\t<div class=\"elementor-widget-container\">\n\t\t\t\t\t\t\t\t\t\t\t\t\t\t\t<img fetchpriority=\"high\" decoding=\"async\" width=\"768\" height=\"363\" src=\"https:\/\/unita.cz\/wp-content\/uploads\/2024\/04\/termona-vision-768x363.png\" class=\"attachment-medium_large size-medium_large wp-image-689\" alt=\"\" srcset=\"https:\/\/unita.cz\/wp-content\/uploads\/2024\/04\/termona-vision-768x363.png 768w, https:\/\/unita.cz\/wp-content\/uploads\/2024\/04\/termona-vision-300x142.png 300w, https:\/\/unita.cz\/wp-content\/uploads\/2024\/04\/termona-vision-1024x483.png 1024w, https:\/\/unita.cz\/wp-content\/uploads\/2024\/04\/termona-vision-18x8.png 18w, https:\/\/unita.cz\/wp-content\/uploads\/2024\/04\/termona-vision.png 1129w\" sizes=\"(max-width: 768px) 100vw, 768px\" \/>\t\t\t\t\t\t\t\t\t\t\t\t\t\t\t<\/div>\n\t\t\t\t<\/div>\n\t\t\t\t<div class=\"elementor-element elementor-element-11fa645 elementor-tabs-alignment-stretch elementor-tabs-view-horizontal elementor-widget elementor-widget-tabs\" data-id=\"11fa645\" data-element_type=\"widget\" id=\"infopane\" data-widget_type=\"tabs.default\">\n\t\t\t\t<div class=\"elementor-widget-container\">\n\t\t\t\t\t\t\t<div class=\"elementor-tabs\">\n\t\t\t<div class=\"elementor-tabs-wrapper\" role=\"tablist\" >\n\t\t\t\t\t\t\t\t\t<div id=\"elementor-tab-title-1881\" class=\"elementor-tab-title elementor-tab-desktop-title\" aria-selected=\"true\" data-tab=\"1\" role=\"tab\" tabindex=\"0\" aria-controls=\"elementor-tab-content-1881\" aria-expanded=\"false\">Popis vitr\u00edny<\/div>\n\t\t\t\t\t\t\t\t\t<div id=\"elementor-tab-title-1882\" class=\"elementor-tab-title elementor-tab-desktop-title\" aria-selected=\"false\" data-tab=\"2\" role=\"tab\" tabindex=\"-1\" aria-controls=\"elementor-tab-content-1882\" aria-expanded=\"false\">Technick\u00e9 parametry<\/div>\n\t\t\t\t\t\t\t\t\t<div id=\"elementor-tab-title-1883\" class=\"elementor-tab-title elementor-tab-desktop-title\" aria-selected=\"false\" data-tab=\"3\" role=\"tab\" tabindex=\"-1\" aria-controls=\"elementor-tab-content-1883\" aria-expanded=\"false\">Standardn\u00ed proveden\u00ed<\/div>\n\t\t\t\t\t\t\t\t\t<div id=\"elementor-tab-title-1884\" class=\"elementor-tab-title elementor-tab-desktop-title\" aria-selected=\"false\" data-tab=\"4\" role=\"tab\" tabindex=\"-1\" aria-controls=\"elementor-tab-content-1884\" aria-expanded=\"false\">P\u0159\u00edplatkov\u00e9 proveden\u00ed<\/div>\n\t\t\t\t\t\t\t\t\t<div id=\"elementor-tab-title-1885\" class=\"elementor-tab-title elementor-tab-desktop-title\" aria-selected=\"false\" data-tab=\"5\" role=\"tab\" tabindex=\"-1\" aria-controls=\"elementor-tab-content-1885\" aria-expanded=\"false\">Ke sta\u017een\u00ed<\/div>\n\t\t\t\t\t\t\t<\/div>\n\t\t\t<div class=\"elementor-tabs-content-wrapper\" role=\"tablist\" aria-orientation=\"vertical\">\n\t\t\t\t\t\t\t\t\t<div class=\"elementor-tab-title elementor-tab-mobile-title\" aria-selected=\"true\" data-tab=\"1\" role=\"tab\" tabindex=\"0\" aria-controls=\"elementor-tab-content-1881\" aria-expanded=\"false\">Popis vitr\u00edny<\/div>\n\t\t\t\t\t<div id=\"elementor-tab-content-1881\" class=\"elementor-tab-content elementor-clearfix\" data-tab=\"1\" role=\"tabpanel\" aria-labelledby=\"elementor-tab-title-1881\" tabindex=\"0\" hidden=\"false\"><p>Obslu\u017en\u00e1 chlad\u00edc\u00ed vitr\u00edna s izola\u010dn\u00edmi dvojskly pro prodej zbo\u017e\u00ed v rozsahu +2\u00b0 a\u017e +8\u00b0C *. \u010celn\u00ed kolm\u00e9 sklo v\u00fdklopn\u00e9 v AL elox profilu s ji\u0161t\u011bn\u00edm pomoc\u00ed samonav\u00edjec\u00edch lanek. Spodn\u00ed v\u00fdstavn\u00ed plocha v nerezov\u00e9m proveden\u00ed, korpus vitr\u00edny z laminovan\u00fdch DTD dekor\u016f. Police z tvrzen\u00e9ho skla. Bo\u010dn\u00ed skla jsou netvrzen\u00e1. Ze strany obsluhy posuvn\u00e1 dv\u00ed\u0159ka s dvojit\u00fdm izola\u010dn\u00edm sklem s tlumi\u010dem dojezdu v koncov\u00fdch poloh\u00e1ch. Chlazen\u00ed dynamick\u00e9. Chlad\u00edc\u00ed jednotka s funkc\u00ed samo\u010di\u0161t\u011bn\u00ed kondenz\u00e1toru a automatick\u00fdm odpa\u0159ov\u00e1n\u00edm odpadn\u00edho kondenz\u00e1tu zbytkov\u00fdm teplem s chlad\u00edc\u00edho okruhu. Osv\u011btlen\u00ed za pomoci AL liniov\u00fdch t\u011bles s modern\u00edmi LED \u010dipy. Digit\u00e1ln\u00ed elektronick\u00fd regul\u00e1tor pro optim\u00e1ln\u00ed \u0159\u00edzen\u00ed provozn\u00edch cykl\u016f vitr\u00edny.<\/p><\/div>\n\t\t\t\t\t\t\t\t\t<div class=\"elementor-tab-title elementor-tab-mobile-title\" aria-selected=\"false\" data-tab=\"2\" role=\"tab\" tabindex=\"-1\" aria-controls=\"elementor-tab-content-1882\" aria-expanded=\"false\">Technick\u00e9 parametry<\/div>\n\t\t\t\t\t<div id=\"elementor-tab-content-1882\" class=\"elementor-tab-content elementor-clearfix\" data-tab=\"2\" role=\"tabpanel\" aria-labelledby=\"elementor-tab-title-1882\" tabindex=\"0\" hidden=\"hidden\"><table style=\"font-weight: 300;\"><tbody><tr><td width=\"307\"><p>Teplota chlazen\u00e9ho prostoru p\u0159i teplot\u011b okol\u00ed od 16\u00b0C do 25\u00b0C a relativn\u00ed vlhkosti okol\u00ed do 60% (plat\u00ed p\u0159i uzav\u0159en\u00e9m chlazen\u00e9m prostoru vitr\u00edny)<\/p><\/td><td width=\"307\"><p>+2\u00b0C\u00a0 a\u017e +8\u00b0C<\/p><\/td><\/tr><tr><td width=\"307\"><p>Klimatick\u00e1 t\u0159\u00edda chlazen\u00ed a osv\u011btlen\u00ed<\/p><\/td><td width=\"307\"><p>N<\/p><\/td><\/tr><tr><td width=\"307\"><p>Rozm\u011bry (\u0161 x h x v)<\/p><\/td><td width=\"307\"><p>770\/1065 x 790 x 1270 mm<\/p><\/td><\/tr><tr><td width=\"307\"><p>Nap\u011bt\u00ed<\/p><\/td><td width=\"307\"><p>230 V \/ 50 Hz<\/p><\/td><\/tr><tr><td width=\"307\"><p>Instalovan\u00fd p\u0159\u00edkon celkem\u00a0\u00a0\u00a0<\/p><\/td><td width=\"307\"><p>850\/950\/1050\/1150 W<\/p><\/td><\/tr><tr><td width=\"307\"><p>Druh pou\u017eit\u00e9ho chladiva<\/p><\/td><td width=\"307\"><p>R 454c<\/p><\/td><\/tr><tr><td width=\"307\"><p>Mno\u017estv\u00ed pou\u017eit\u00e9ho chladiva<\/p><\/td><td width=\"307\"><p>Termona 770 \/ 0,70 kg, GWP 3922, ekvivalent CO2 2,745 t<\/p><p>Termona 1065 \/ 0,85 kg, GWP 3922, ekvivalent CO2 3,334 t<\/p><\/td><\/tr><tr><td width=\"307\"><p>Hlu\u010dnost LA<\/p><\/td><td width=\"307\"><p>men\u0161\u00ed ne\u017e 60 dB<\/p><\/td><\/tr><tr><td width=\"307\"><p>Pojistka pro ji\u0161t\u011bn\u00ed okruhu digit. termostatu<\/p><p>a teplom\u011bru<\/p><\/td><td width=\"307\"><p>p\u0159\u00edstrojov\u00e1 63 mA<\/p><\/td><\/tr><tr><td width=\"307\"><p>Ji\u0161t\u011bn\u00ed z\u00e1suvkov\u00e9ho okruhu pro p\u0159ipojen\u00ed vitr\u00edny<\/p><\/td><td width=\"307\"><p>min. 10 A<\/p><\/td><\/tr><tr><td width=\"307\"><p>V\u00fdstavn\u00ed plocha<\/p><\/td><td width=\"307\"><p>1,3\/1,7 m2<\/p><\/td><\/tr><tr><td width=\"307\"><p>Hmotnost<\/p><\/td><td width=\"307\"><p>160\/220 kg<\/p><\/td><\/tr><\/tbody><\/table><p style=\"font-weight: 300;\">V\u00fdrobek obsahuje fluorovan\u00e9 sklen\u00edkov\u00e9 plyny.<\/p><p style=\"font-weight: 300;\">Z\u00e1ru\u010dn\u00ed doba 24 m\u011bs\u00edc\u016f.<\/p><p style=\"font-weight: 300;\">Z\u00e1ru\u010dn\u00ed a poz\u00e1ru\u010dn\u00ed opravy prov\u00e1d\u00ed v\u00fdrobce nebo po dohod\u011b servis v m\u00edst\u011b u\u017eivatele.<\/p><p style=\"font-weight: 300;\">V\u00fdrobce si vyhrazuje pr\u00e1vo zm\u011bny.<\/p><\/div>\n\t\t\t\t\t\t\t\t\t<div class=\"elementor-tab-title elementor-tab-mobile-title\" aria-selected=\"false\" data-tab=\"3\" role=\"tab\" tabindex=\"-1\" aria-controls=\"elementor-tab-content-1883\" aria-expanded=\"false\">Standardn\u00ed proveden\u00ed<\/div>\n\t\t\t\t\t<div id=\"elementor-tab-content-1883\" class=\"elementor-tab-content elementor-clearfix\" data-tab=\"3\" role=\"tabpanel\" aria-labelledby=\"elementor-tab-title-1883\" tabindex=\"0\" hidden=\"hidden\"><table class=\"invisibletable alignleft\"><tbody><tr><td><h5><strong>LED OSV\u011aTLEN\u00cd VITR\u00cdNY<\/strong><\/h5><p><img decoding=\"async\" class=\"size-full wp-image-515 alignleft\" src=\"https:\/\/unita.cz\/wp-content\/uploads\/2024\/03\/led.png\" alt=\"\" width=\"85\" height=\"85\" srcset=\"https:\/\/unita.cz\/wp-content\/uploads\/2024\/03\/led.png 85w, https:\/\/unita.cz\/wp-content\/uploads\/2024\/03\/led-12x12.png 12w\" sizes=\"(max-width: 85px) 100vw, 85px\" \/>V\u0161echny police jsou osv\u011btleny LED sv\u011bteln\u00fdmi zdroji. Mo\u017eno pou\u017e\u00edt dle p\u0159\u00e1n\u00ed z\u00e1kazn\u00edka speci\u00e1ln\u00ed spektrum sv\u011btla na podporu vzhledu vystavovan\u00e9ho zbo\u017e\u00ed.<\/p><\/td><td><h5><strong>AUTOMATICK\u00c9 \u010cI\u0160T\u011aN\u00cd V\u00ddM\u011aN\u00cdKU<\/strong><\/h5><p><img decoding=\"async\" class=\"size-full wp-image-517 alignleft\" src=\"https:\/\/unita.cz\/wp-content\/uploads\/2024\/03\/samocisteni.png\" alt=\"\" width=\"85\" height=\"85\" srcset=\"https:\/\/unita.cz\/wp-content\/uploads\/2024\/03\/samocisteni.png 85w, https:\/\/unita.cz\/wp-content\/uploads\/2024\/03\/samocisteni-12x12.png 12w\" sizes=\"(max-width: 85px) 100vw, 85px\" \/>Vitr\u00edna je vybavena funkc\u00ed automatick\u00e9ho \u010dist\u011bn\u00ed v\u00fdm\u011bn\u00edku chlad\u00edc\u00edho okruhu od prachu pro jeho optim\u00e1ln\u00ed funkci.<\/p><\/td><td rowspan=\"2\"><h5><strong>DIGIT\u00c1LN\u00cd REGUL\u00c1TOR<\/strong><\/h5><p><img loading=\"lazy\" decoding=\"async\" class=\"size-full wp-image-516 alignleft\" src=\"https:\/\/unita.cz\/wp-content\/uploads\/2024\/03\/regulatorr.png\" alt=\"\" width=\"85\" height=\"85\" srcset=\"https:\/\/unita.cz\/wp-content\/uploads\/2024\/03\/regulatorr.png 85w, https:\/\/unita.cz\/wp-content\/uploads\/2024\/03\/regulatorr-12x12.png 12w\" sizes=\"(max-width: 85px) 100vw, 85px\" \/>Vitr\u00edna je \u0159\u00edzena digit\u00e1ln\u00edm elektronick\u00fdm regul\u00e1torem. Informace a nastavovan\u00e9 hodnoty zobrazuje na velk\u00e9m prosv\u011btlen\u00e9m displeji v\u010detn\u011b barevn\u00fdch ikon stav\u016f v\u00fdstup\u016f a alarm\u016f. Regul\u00e1tor je p\u0159ipraven pro mo\u017enost p\u0159ipojen\u00ed k syst\u00e9mu centr\u00e1ln\u00edho monitoringu.<\/p><\/td><\/tr><tr><td><h5><strong>TICH\u00dd DOJEZD DV\u00cd\u0158EK<\/strong><\/h5><p><img loading=\"lazy\" decoding=\"async\" class=\"size-full wp-image-513 alignleft\" src=\"https:\/\/unita.cz\/wp-content\/uploads\/2024\/03\/dojezd.png\" alt=\"\" width=\"85\" height=\"85\" srcset=\"https:\/\/unita.cz\/wp-content\/uploads\/2024\/03\/dojezd.png 85w, https:\/\/unita.cz\/wp-content\/uploads\/2024\/03\/dojezd-12x12.png 12w\" sizes=\"(max-width: 85px) 100vw, 85px\" \/>Posuvn\u00e1 dv\u00ed\u0159ka vitr\u00edny jsou vybavena tlumi\u010di dojezdu v otev\u0159en\u00e9 i zav\u0159en\u00e9 poloze pro tich\u00fd a m\u011bkk\u00fd dojezd dv\u00ed\u0159ek.<\/p><\/td><td><h5><strong>AUTOMATICK\u00c9 ODPA\u0158OV\u00c1N\u00cd KONDENZ\u00c1TU<\/strong><\/h5><p>\u00a0<img loading=\"lazy\" decoding=\"async\" class=\"size-medium wp-image-514 alignleft\" src=\"https:\/\/unita.cz\/wp-content\/uploads\/2024\/03\/kchj_odparovani.png\" alt=\"\" width=\"85\" height=\"85\" srcset=\"https:\/\/unita.cz\/wp-content\/uploads\/2024\/03\/kchj_odparovani.png 85w, https:\/\/unita.cz\/wp-content\/uploads\/2024\/03\/kchj_odparovani-12x12.png 12w\" sizes=\"(max-width: 85px) 100vw, 85px\" \/>Vitr\u00edna je vybavena funkc\u00ed automatick\u00e9ho odpa\u0159ov\u00e1n\u00ed odpadn\u00edho kondenz\u00e1tu pomoc\u00ed zbytkov\u00e9ho tepla z chlad\u00edc\u00edho okruhu. Vyu\u017eit\u00edm odpadn\u00edho tepla doch\u00e1z\u00ed k \u00faspo\u0159e elektrick\u00e9 energie.<\/p><\/td><\/tr><\/tbody><\/table><\/div>\n\t\t\t\t\t\t\t\t\t<div class=\"elementor-tab-title elementor-tab-mobile-title\" aria-selected=\"false\" data-tab=\"4\" role=\"tab\" tabindex=\"-1\" aria-controls=\"elementor-tab-content-1884\" aria-expanded=\"false\">P\u0159\u00edplatkov\u00e9 proveden\u00ed<\/div>\n\t\t\t\t\t<div id=\"elementor-tab-content-1884\" class=\"elementor-tab-content elementor-clearfix\" data-tab=\"4\" role=\"tabpanel\" aria-labelledby=\"elementor-tab-title-1884\" tabindex=\"0\" hidden=\"hidden\"><ul class=\"c-links c-theme-ul\"><li>zv\u00fd\u0161en\u00ed\u00a0vitr\u00edny<\/li><li>\u00faprava po\u010dtu polic<\/li><li>sklen\u011bn\u00e1 p\u0159ep\u00e1\u017eka chlazen\u00e9ho prostoru<\/li><li>rozm\u011brov\u00e1 \u00faprava vitr\u00edny dle p\u0159\u00e1n\u00ed z\u00e1kazn\u00edka<\/li><\/ul><\/div>\n\t\t\t\t\t\t\t\t\t<div class=\"elementor-tab-title elementor-tab-mobile-title\" aria-selected=\"false\" data-tab=\"5\" role=\"tab\" tabindex=\"-1\" aria-controls=\"elementor-tab-content-1885\" aria-expanded=\"false\">Ke sta\u017een\u00ed<\/div>\n\t\t\t\t\t<div id=\"elementor-tab-content-1885\" class=\"elementor-tab-content elementor-clearfix\" data-tab=\"5\" role=\"tabpanel\" aria-labelledby=\"elementor-tab-title-1885\" tabindex=\"0\" hidden=\"hidden\"><\/div>\n\t\t\t\t\t\t\t<\/div>\n\t\t<\/div>\n\t\t\t\t\t\t<\/div>\n\t\t\t\t<\/div>\n\t\t\t\t<\/div>\n\t\t\t\t<\/div>","protected":false},"excerpt":{"rendered":"<p>Popis vitr\u00edny Technick\u00e9 parametry Standardn\u00ed proveden\u00ed P\u0159\u00edplatkov\u00e9 proveden\u00ed Ke sta\u017een\u00ed Popis vitr\u00edny Obslu\u017en\u00e1 chlad\u00edc\u00ed vitr\u00edna s izola\u010dn\u00edmi dvojskly pro prodej zbo\u017e\u00ed v rozsahu +2\u00b0 a\u017e +8\u00b0C *. \u010celn\u00ed kolm\u00e9 sklo v\u00fdklopn\u00e9 v AL elox profilu s ji\u0161t\u011bn\u00edm pomoc\u00ed samonav\u00edjec\u00edch lanek. Spodn\u00ed v\u00fdstavn\u00ed plocha v nerezov\u00e9m proveden\u00ed, korpus vitr\u00edny z laminovan\u00fdch DTD dekor\u016f. Police z tvrzen\u00e9ho [&hellip;]<\/p>","protected":false},"author":1,"featured_media":0,"parent":0,"menu_order":0,"comment_status":"closed","ping_status":"closed","template":"","meta":{"footnotes":""},"class_list":["post-646","page","type-page","status-publish","hentry"],"_links":{"self":[{"href":"https:\/\/unita.cz\/en\/wp-json\/wp\/v2\/pages\/646","targetHints":{"allow":["GET"]}}],"collection":[{"href":"https:\/\/unita.cz\/en\/wp-json\/wp\/v2\/pages"}],"about":[{"href":"https:\/\/unita.cz\/en\/wp-json\/wp\/v2\/types\/page"}],"author":[{"embeddable":true,"href":"https:\/\/unita.cz\/en\/wp-json\/wp\/v2\/users\/1"}],"replies":[{"embeddable":true,"href":"https:\/\/unita.cz\/en\/wp-json\/wp\/v2\/comments?post=646"}],"version-history":[{"count":13,"href":"https:\/\/unita.cz\/en\/wp-json\/wp\/v2\/pages\/646\/revisions"}],"predecessor-version":[{"id":2087,"href":"https:\/\/unita.cz\/en\/wp-json\/wp\/v2\/pages\/646\/revisions\/2087"}],"wp:attachment":[{"href":"https:\/\/unita.cz\/en\/wp-json\/wp\/v2\/media?parent=646"}],"curies":[{"name":"wp","href":"https:\/\/api.w.org\/{rel}","templated":true}]}}