{"id":558,"date":"2024-03-22T09:16:50","date_gmt":"2024-03-22T08:16:50","guid":{"rendered":"http:\/\/unita.cz\/?page_id=558"},"modified":"2024-03-22T09:16:50","modified_gmt":"2024-03-22T08:16:50","slug":"cookies","status":"publish","type":"page","link":"https:\/\/unita.cz\/en\/cookies\/","title":{"rendered":"Cookies"},"content":{"rendered":"<p><strong>Cookies<\/strong><\/p>\n\n\n\n<p>&nbsp; Na\u0161e webov\u00e9 str\u00e1nky pou\u017e\u00edvaj\u00ed soubory cookies. Jedn\u00e1 se o mal\u00e9 textov\u00e9 soubory, kter\u00e9 jsou odesl\u00e1ny na\u0161\u00ed webovou str\u00e1nkou va\u0161emu prohl\u00ed\u017ee\u010di. Prohl\u00ed\u017ee\u010d dle va\u0161eho nastaven\u00ed tyto \u00fadaje ukl\u00e1d\u00e1 na va\u0161em po\u010d\u00edta\u010di nebo zahazuje (dle nastaven\u00ed va\u0161eho prohl\u00ed\u017ee\u010de). Tyto soubory umo\u017e\u0148uj\u00ed webov\u00fdm str\u00e1nk\u00e1m zaznamenat informace o va\u0161\u00ed n\u00e1v\u0161t\u011bv\u011b a nastaven\u00ed str\u00e1nek, nap\u0159\u00edklad preferovan\u00fd jazyk a dal\u0161\u00ed nastaven\u00ed. Tyto informace jsou p\u0159i dal\u0161\u00ed va\u0161\u00ed n\u00e1v\u0161t\u011bv\u011b zas\u00edl\u00e1ny prohl\u00ed\u017ee\u010dem zp\u011bt na\u0161im str\u00e1nk\u00e1m, pro usnadn\u011bn\u00ed a zproduktivn\u011bn\u00ed pou\u017e\u00edv\u00e1n\u00ed na\u0161ich webov\u00fdch str\u00e1nek.<\/p>\n\n\n\n<p><strong>Google Analytics \u2013 cookies<\/strong><\/p>\n\n\n\n<p>&nbsp; Na\u0161e webov\u00e9 str\u00e1nky pou\u017e\u00edvaj\u00ed k anal\u00fdze n\u00e1v\u0161t\u011bvnosti provozu Google Analytics (slu\u017ebu webov\u00e9 anal\u00fdzy spole\u010dnosti Google Inc. (\u201eGoogle\u201c), CA 94043, 1600 Amphitheatre Parkway, Mountain View, USA) k optimalizaci a p\u0159izp\u016fsoben\u00ed na\u0161ich str\u00e1nek. Google Analytics pou\u017e\u00edv\u00e1 k anal\u00fdze provozu soubory cookies a m\u011b\u0159\u00edc\u00ed k\u00f3d, kter\u00fd interpretuje v\u00e1\u0161 prohl\u00ed\u017ee\u010d p\u0159i n\u00e1v\u0161t\u011bv\u011b na\u0161ich str\u00e1nek. Data o pou\u017e\u00edv\u00e1n\u00ed t\u011bchto str\u00e1nek jsou ukl\u00e1d\u00e1na na serverech spole\u010dnosti Google. Jedn\u00e1 se zejm\u00e9na o tyto \u00fadaje.<\/p>\n\n\n\n<p>\u2022 typ prohl\u00ed\u017ee\u010de,<\/p>\n\n\n\n<p>\u2022 opera\u010dn\u00ed syst\u00e9m,<\/p>\n\n\n\n<p>\u2022 webov\u00e1 str\u00e1nka, z n\u00ed\u017e se p\u0159\u00edstup uskute\u010dnil (referen\u010dn\u00ed URL),<\/p>\n\n\n\n<p>\u2022 IP adresa (anonymizovan\u00e1 funkc\u00ed anonymizace IP (\u201eanonymizeIp\u201c)<\/p>\n\n\n\n<p>\u2022 datum a \u010das po\u017eadavku na server<\/p>\n\n\n\n<p>&nbsp; Tyto data jsou na serverech spole\u010dnosti Google uchov\u00e1v\u00e1ny maxim\u00e1ln\u011b 38 m\u011bs\u00edc\u016f a pot\u00e9 jsou automaticky smaz\u00e1ny. K t\u011bmto dat\u016fm nem\u00e1 p\u0159\u00edstup \u017e\u00e1dn\u00fd dal\u0161\u00ed zpracovatel \u00fadaj\u016f.<\/p>","protected":false},"excerpt":{"rendered":"<p>Cookies &nbsp; Na\u0161e webov\u00e9 str\u00e1nky pou\u017e\u00edvaj\u00ed soubory cookies. Jedn\u00e1 se o mal\u00e9 textov\u00e9 soubory, kter\u00e9 jsou odesl\u00e1ny na\u0161\u00ed webovou str\u00e1nkou va\u0161emu prohl\u00ed\u017ee\u010di. Prohl\u00ed\u017ee\u010d dle va\u0161eho nastaven\u00ed tyto \u00fadaje ukl\u00e1d\u00e1 na va\u0161em po\u010d\u00edta\u010di nebo zahazuje (dle nastaven\u00ed va\u0161eho prohl\u00ed\u017ee\u010de). Tyto soubory umo\u017e\u0148uj\u00ed webov\u00fdm str\u00e1nk\u00e1m zaznamenat informace o va\u0161\u00ed n\u00e1v\u0161t\u011bv\u011b a nastaven\u00ed str\u00e1nek, nap\u0159\u00edklad preferovan\u00fd jazyk a [&hellip;]<\/p>","protected":false},"author":1,"featured_media":0,"parent":0,"menu_order":0,"comment_status":"closed","ping_status":"closed","template":"","meta":{"footnotes":""},"class_list":["post-558","page","type-page","status-publish","hentry"],"_links":{"self":[{"href":"https:\/\/unita.cz\/en\/wp-json\/wp\/v2\/pages\/558","targetHints":{"allow":["GET"]}}],"collection":[{"href":"https:\/\/unita.cz\/en\/wp-json\/wp\/v2\/pages"}],"about":[{"href":"https:\/\/unita.cz\/en\/wp-json\/wp\/v2\/types\/page"}],"author":[{"embeddable":true,"href":"https:\/\/unita.cz\/en\/wp-json\/wp\/v2\/users\/1"}],"replies":[{"embeddable":true,"href":"https:\/\/unita.cz\/en\/wp-json\/wp\/v2\/comments?post=558"}],"version-history":[{"count":1,"href":"https:\/\/unita.cz\/en\/wp-json\/wp\/v2\/pages\/558\/revisions"}],"predecessor-version":[{"id":559,"href":"https:\/\/unita.cz\/en\/wp-json\/wp\/v2\/pages\/558\/revisions\/559"}],"wp:attachment":[{"href":"https:\/\/unita.cz\/en\/wp-json\/wp\/v2\/media?parent=558"}],"curies":[{"name":"wp","href":"https:\/\/api.w.org\/{rel}","templated":true}]}}