{"id":356,"date":"2024-03-08T07:13:19","date_gmt":"2024-03-08T06:13:19","guid":{"rendered":"http:\/\/unita.cz\/?page_id=356"},"modified":"2025-02-12T08:38:41","modified_gmt":"2025-02-12T07:38:41","slug":"nerezove-vyrobky","status":"publish","type":"page","link":"https:\/\/unita.cz\/en\/produkty\/nerezove-vyrobky\/","title":{"rendered":"Stainless steel products"},"content":{"rendered":"<div data-elementor-type=\"wp-page\" data-elementor-id=\"356\" class=\"elementor elementor-356\" data-elementor-post-type=\"page\">\n\t\t\t\t<div class=\"elementor-element elementor-element-bb07c65 e-flex e-con-boxed e-con e-parent\" data-id=\"bb07c65\" data-element_type=\"container\">\n\t\t\t\t\t<div class=\"e-con-inner\">\n\t\t\t\t<div class=\"elementor-element elementor-element-67f4661 elementor-widget elementor-widget-text-editor\" data-id=\"67f4661\" data-element_type=\"widget\" data-widget_type=\"text-editor.default\">\n\t\t\t\t<div class=\"elementor-widget-container\">\n\t\t\t\t\t\t\t\t\t<p>Stainless steel products are made in many dimensions and modifications as requested by the customer. Do not hesitate to contact us for more detailed information.<\/p>\t\t\t\t\t\t\t\t<\/div>\n\t\t\t\t<\/div>\n\t\t\t\t\t<\/div>\n\t\t\t\t<\/div>\n\t\t<div class=\"elementor-element elementor-element-c854eb9 e-flex e-con-boxed e-con e-parent\" data-id=\"c854eb9\" data-element_type=\"container\">\n\t\t\t\t\t<div class=\"e-con-inner\">\n\t\t<div class=\"elementor-element elementor-element-e6814eb e-con-full e-flex e-con e-child\" data-id=\"e6814eb\" data-element_type=\"container\">\n\t\t\t\t<div class=\"elementor-element elementor-element-4089e09 elementor-widget elementor-widget-text-editor\" data-id=\"4089e09\" data-element_type=\"widget\" data-widget_type=\"text-editor.default\">\n\t\t\t\t<div class=\"elementor-widget-container\">\n\t\t\t\t\t\t\t\t\t<ul class=\"c-links c-theme-ul\"><li>Work desks<\/li><li>Cabinet work desks<\/li><li>Washing desks<\/li><li>Racks<\/li><li>Shelves<\/li><li>Sinks<\/li><li>Railings, barriers<\/li><li>Hoods<\/li><li>Trays<\/li><li>Cabinets<\/li><li>Tracks on trays<\/li><li>Cutlery \/ Pastry trays<\/li><li>Servicing trolleys<\/li><li>Curtains and racks for refrigerators<\/li><li>Benches, pallets<\/li><li>Buffet tables<\/li><\/ul>\t\t\t\t\t\t\t\t<\/div>\n\t\t\t\t<\/div>\n\t\t\t\t<\/div>\n\t\t<div class=\"elementor-element elementor-element-659b7cc e-con-full e-flex e-con e-child\" data-id=\"659b7cc\" data-element_type=\"container\">\n\t\t\t\t<div class=\"elementor-element elementor-element-2b5988e elementor-widget elementor-widget-image\" data-id=\"2b5988e\" data-element_type=\"widget\" data-widget_type=\"image.default\">\n\t\t\t\t<div class=\"elementor-widget-container\">\n\t\t\t\t\t\t\t\t\t\t\t\t\t\t\t<img fetchpriority=\"high\" decoding=\"async\" width=\"305\" height=\"220\" src=\"https:\/\/unita.cz\/wp-content\/uploads\/2024\/02\/nerez.png\" class=\"attachment-large size-large wp-image-257\" alt=\"\" srcset=\"https:\/\/unita.cz\/wp-content\/uploads\/2024\/02\/nerez.png 305w, https:\/\/unita.cz\/wp-content\/uploads\/2024\/02\/nerez-300x216.png 300w, https:\/\/unita.cz\/wp-content\/uploads\/2024\/02\/nerez-18x12.png 18w\" sizes=\"(max-width: 305px) 100vw, 305px\" \/>\t\t\t\t\t\t\t\t\t\t\t\t\t\t\t<\/div>\n\t\t\t\t<\/div>\n\t\t\t\t<\/div>\n\t\t\t\t\t<\/div>\n\t\t\t\t<\/div>\n\t\t\t\t<\/div>","protected":false},"excerpt":{"rendered":"<p>Nerezov\u00e9 v\u00fdrobky jsou vyr\u00e1b\u011bny v mnoha rozm\u011brech a modifikac\u00edch dle p\u0159\u00e1n\u00ed z\u00e1kazn\u00edka. Nev\u00e1hejte n\u00e1s kontaktovat pro bli\u017e\u0161\u00ed informace. Pracovn\u00ed stoly Pracovn\u00ed stoly sk\u0159\u00ed\u0148ov\u00e9 Myc\u00ed stoly Reg\u00e1ly Police V\u00fdlevky, umyvadla Z\u00e1bradl\u00ed, z\u00e1brany Digesto\u0159e T\u00e1cy, gastron\u00e1doby Sk\u0159\u00ed\u0148ky, sk\u0159\u00edn\u011b Dr\u00e1hy na t\u00e1cy Z\u00e1sobn\u00edky na p\u0159\u00edbory, pe\u010divo Voz\u00edky serv\u00edrovac\u00ed, plo\u0161inov\u00e9 Z\u00e1v\u011bsy a stojany do chlad\u00edren Lavice, palety Bufetov\u00e9 stoly<\/p>","protected":false},"author":1,"featured_media":0,"parent":28,"menu_order":0,"comment_status":"closed","ping_status":"closed","template":"","meta":{"footnotes":""},"class_list":["post-356","page","type-page","status-publish","hentry"],"_links":{"self":[{"href":"https:\/\/unita.cz\/en\/wp-json\/wp\/v2\/pages\/356","targetHints":{"allow":["GET"]}}],"collection":[{"href":"https:\/\/unita.cz\/en\/wp-json\/wp\/v2\/pages"}],"about":[{"href":"https:\/\/unita.cz\/en\/wp-json\/wp\/v2\/types\/page"}],"author":[{"embeddable":true,"href":"https:\/\/unita.cz\/en\/wp-json\/wp\/v2\/users\/1"}],"replies":[{"embeddable":true,"href":"https:\/\/unita.cz\/en\/wp-json\/wp\/v2\/comments?post=356"}],"version-history":[{"count":8,"href":"https:\/\/unita.cz\/en\/wp-json\/wp\/v2\/pages\/356\/revisions"}],"predecessor-version":[{"id":1675,"href":"https:\/\/unita.cz\/en\/wp-json\/wp\/v2\/pages\/356\/revisions\/1675"}],"up":[{"embeddable":true,"href":"https:\/\/unita.cz\/en\/wp-json\/wp\/v2\/pages\/28"}],"wp:attachment":[{"href":"https:\/\/unita.cz\/en\/wp-json\/wp\/v2\/media?parent=356"}],"curies":[{"name":"wp","href":"https:\/\/api.w.org\/{rel}","templated":true}]}}