{"id":27,"date":"2024-02-20T12:33:26","date_gmt":"2024-02-20T11:33:26","guid":{"rendered":"http:\/\/unita.cz\/?page_id=27"},"modified":"2025-03-05T14:17:42","modified_gmt":"2025-03-05T13:17:42","slug":"o-firme","status":"publish","type":"page","link":"https:\/\/unita.cz\/en\/o-firme\/","title":{"rendered":"About us"},"content":{"rendered":"<div data-elementor-type=\"wp-page\" data-elementor-id=\"27\" class=\"elementor elementor-27\" data-elementor-post-type=\"page\">\n\t\t\t\t<div class=\"elementor-element elementor-element-276f412 e-flex e-con-boxed e-con e-parent\" data-id=\"276f412\" data-element_type=\"container\">\n\t\t\t\t\t<div class=\"e-con-inner\">\n\t\t<div class=\"elementor-element elementor-element-02f813b e-grid e-con-full e-con e-child\" data-id=\"02f813b\" data-element_type=\"container\">\n\t\t\t\t<div class=\"elementor-element elementor-element-1d2ec2c elementor-widget elementor-widget-image\" data-id=\"1d2ec2c\" data-element_type=\"widget\" data-widget_type=\"image.default\">\n\t\t\t\t<div class=\"elementor-widget-container\">\n\t\t\t\t\t\t\t\t\t\t\t\t\t\t\t<img fetchpriority=\"high\" decoding=\"async\" width=\"800\" height=\"485\" src=\"https:\/\/unita.cz\/wp-content\/uploads\/2025\/02\/unita-street1-1024x621.jpg\" class=\"elementor-animation-bounce-out attachment-large size-large wp-image-2031\" alt=\"\" srcset=\"https:\/\/unita.cz\/wp-content\/uploads\/2025\/02\/unita-street1-1024x621.jpg 1024w, https:\/\/unita.cz\/wp-content\/uploads\/2025\/02\/unita-street1-300x182.jpg 300w, https:\/\/unita.cz\/wp-content\/uploads\/2025\/02\/unita-street1-768x466.jpg 768w, https:\/\/unita.cz\/wp-content\/uploads\/2025\/02\/unita-street1-18x12.jpg 18w, https:\/\/unita.cz\/wp-content\/uploads\/2025\/02\/unita-street1.jpg 1139w\" sizes=\"(max-width: 800px) 100vw, 800px\" \/>\t\t\t\t\t\t\t\t\t\t\t\t\t\t\t<\/div>\n\t\t\t\t<\/div>\n\t\t\t\t<div class=\"elementor-element elementor-element-0659309 elementor-widget elementor-widget-text-editor\" data-id=\"0659309\" data-element_type=\"widget\" data-widget_type=\"text-editor.default\">\n\t\t\t\t<div class=\"elementor-widget-container\">\n\t\t\t\t\t\t\t\t\t<div class=\"zoomIn wow\">\u00a0<\/div><div>\u00a0<\/div><div>\u00a0<\/div><div>\u00a0<\/div><div>\u00a0<\/div><div>\u00a0<\/div><div>\u00a0<\/div><div>\u00a0<\/div><div>\u00a0<\/div><div class=\"zoomIn wow\"><p style=\"text-align: left;\"><span style=\"color: #000000;\"><strong>UNITA interi\u00e9ry s.r.o.<\/strong><br \/>byla zalo\u017eena v roce 1990. Hlavn\u00edm programem firmy byla od za\u010d\u00e1tku<br \/>v\u00fdroba chladic\u00edch vitr\u00edn. Po letech \u00fasp\u011b\u0161n\u00e9 \u010dinnosti je firma zn\u00e1m\u00e1<br \/>p\u0159edev\u0161\u00edm jako zak\u00e1zkov\u00fd v\u00fdrobce komplexn\u00edch dod\u00e1vek interi\u00e9r\u016f prodejen<br \/>masa, cukr\u00e1ren, peka\u0159stv\u00ed, bufet\u016f, kiosk\u016f, restaurac\u00ed a kuchyn\u00ed.<br \/><\/span><\/p><\/div><div>\u00a0<\/div>\t\t\t\t\t\t\t\t<\/div>\n\t\t\t\t<\/div>\n\t\t\t\t<\/div>\n\t\t\t\t\t<\/div>\n\t\t\t\t<\/div>\n\t\t<div class=\"elementor-element elementor-element-d4f04f1 e-flex e-con-boxed e-con e-parent\" data-id=\"d4f04f1\" data-element_type=\"container\">\n\t\t\t\t\t<div class=\"e-con-inner\">\n\t\t\t\t<div class=\"elementor-element elementor-element-c495693 elementor-widget elementor-widget-text-editor\" data-id=\"c495693\" data-element_type=\"widget\" data-widget_type=\"text-editor.default\">\n\t\t\t\t<div class=\"elementor-widget-container\">\n\t\t\t\t\t\t\t\t\t<h5><span style=\"color: #000000;\">7 advantages for you ...<\/span><\/h5><ol class=\"c-links c-theme-ul\"><li><span style=\"color: #000000;\"><strong>With us you do not need to downgrade you ideas.<\/strong> (We will always create an original for you...)<\/span><\/li><li><span style=\"color: #000000;\"><strong>You can have your entire shop interior from a single supplier.<\/strong> (No need to waste time or money...)<\/span><\/li><li><span style=\"color: #000000;\"><strong>We own our production facilities.<\/strong> (You are sure to always find us. Our doors are open for you...)<\/span><\/li><li><span style=\"color: #000000;\"><strong>We design our own design products. <\/strong>(We already create new trends...)<\/span><\/li><li><span style=\"color: #000000;\"><strong>We constantly innovate. <\/strong>(We look for functional solutions in details...)<\/span><\/li><li><span style=\"color: #000000;\"><strong>We are a professionally capable team.<\/strong> (To nejcenn\u011bj\u0161\u00ed, co V\u00e1m m\u016f\u017eeme nab\u00eddnout&#8230;)<\/span><\/li><li><span style=\"color: #000000;\"><strong>Neztr\u00e1c\u00edme o V\u00e1s z\u00e1jem.<\/strong> (You will always be our partner...)<\/span><\/li><\/ol>\t\t\t\t\t\t\t\t<\/div>\n\t\t\t\t<\/div>\n\t\t\t\t<div class=\"elementor-element elementor-element-a608c24 elementor-widget elementor-widget-gallery\" data-id=\"a608c24\" data-element_type=\"widget\" data-settings=\"{&quot;columns&quot;:5,&quot;lazyload&quot;:&quot;yes&quot;,&quot;gallery_layout&quot;:&quot;grid&quot;,&quot;columns_tablet&quot;:2,&quot;columns_mobile&quot;:1,&quot;gap&quot;:{&quot;unit&quot;:&quot;px&quot;,&quot;size&quot;:10,&quot;sizes&quot;:[]},&quot;gap_tablet&quot;:{&quot;unit&quot;:&quot;px&quot;,&quot;size&quot;:10,&quot;sizes&quot;:[]},&quot;gap_mobile&quot;:{&quot;unit&quot;:&quot;px&quot;,&quot;size&quot;:10,&quot;sizes&quot;:[]},&quot;link_to&quot;:&quot;file&quot;,&quot;aspect_ratio&quot;:&quot;3:2&quot;,&quot;overlay_background&quot;:&quot;yes&quot;,&quot;content_hover_animation&quot;:&quot;fade-in&quot;}\" data-widget_type=\"gallery.default\">\n\t\t\t\t<div class=\"elementor-widget-container\">\n\t\t\t\t\t\t\t<div class=\"elementor-gallery__container\">\n\t\t\t\t\t\t\t<a class=\"e-gallery-item elementor-gallery-item elementor-animated-content\" href=\"https:\/\/unita.cz\/wp-content\/uploads\/2024\/02\/Letecky-pohled-UNITA_585.jpg\" data-elementor-open-lightbox=\"yes\" data-elementor-lightbox-slideshow=\"a608c24\" data-elementor-lightbox-title=\"Leteck\u00fd pohled UNITA_585\" data-e-action-hash=\"#elementor-action%3Aaction%3Dlightbox%26settings%3DeyJpZCI6MjQ3LCJ1cmwiOiJodHRwczpcL1wvdW5pdGEuY3pcL3dwLWNvbnRlbnRcL3VwbG9hZHNcLzIwMjRcLzAyXC9MZXRlY2t5LXBvaGxlZC1VTklUQV81ODUuanBnIiwic2xpZGVzaG93IjoiYTYwOGMyNCJ9\">\n\t\t\t\t\t<div class=\"e-gallery-image elementor-gallery-item__image\" data-thumbnail=\"https:\/\/unita.cz\/wp-content\/uploads\/2024\/02\/Letecky-pohled-UNITA_585-300x212.jpg\" data-width=\"300\" data-height=\"212\" aria-label=\"\" role=\"img\" ><\/div>\n\t\t\t\t\t\t\t\t\t\t\t<div class=\"elementor-gallery-item__overlay\"><\/div>\n\t\t\t\t\t\t\t\t\t\t\t\t\t\t<\/a>\n\t\t\t\t\t\t\t<a class=\"e-gallery-item elementor-gallery-item elementor-animated-content\" href=\"https:\/\/unita.cz\/wp-content\/uploads\/2024\/02\/Ohranovak-.jpg\" data-elementor-open-lightbox=\"yes\" data-elementor-lightbox-slideshow=\"a608c24\" data-elementor-lightbox-title=\"Ohra\u0148ov\u00e1k\" data-e-action-hash=\"#elementor-action%3Aaction%3Dlightbox%26settings%3DeyJpZCI6MjQ4LCJ1cmwiOiJodHRwczpcL1wvdW5pdGEuY3pcL3dwLWNvbnRlbnRcL3VwbG9hZHNcLzIwMjRcLzAyXC9PaHJhbm92YWstLmpwZyIsInNsaWRlc2hvdyI6ImE2MDhjMjQifQ%3D%3D\">\n\t\t\t\t\t<div class=\"e-gallery-image elementor-gallery-item__image\" data-thumbnail=\"https:\/\/unita.cz\/wp-content\/uploads\/2024\/02\/Ohranovak--300x225.jpg\" data-width=\"300\" data-height=\"225\" aria-label=\"\" role=\"img\" ><\/div>\n\t\t\t\t\t\t\t\t\t\t\t<div class=\"elementor-gallery-item__overlay\"><\/div>\n\t\t\t\t\t\t\t\t\t\t\t\t\t\t<\/a>\n\t\t\t\t\t\t\t<a class=\"e-gallery-item elementor-gallery-item elementor-animated-content\" href=\"https:\/\/unita.cz\/wp-content\/uploads\/2024\/08\/IMG_6184-Velke-2.jpg\" data-elementor-open-lightbox=\"yes\" data-elementor-lightbox-slideshow=\"a608c24\" data-elementor-lightbox-title=\"IMG_6184 (Velk\u00e9) (2)\" data-e-action-hash=\"#elementor-action%3Aaction%3Dlightbox%26settings%3DeyJpZCI6MTExNywidXJsIjoiaHR0cHM6XC9cL3VuaXRhLmN6XC93cC1jb250ZW50XC91cGxvYWRzXC8yMDI0XC8wOFwvSU1HXzYxODQtVmVsa2UtMi5qcGciLCJzbGlkZXNob3ciOiJhNjA4YzI0In0%3D\">\n\t\t\t\t\t<div class=\"e-gallery-image elementor-gallery-item__image\" data-thumbnail=\"https:\/\/unita.cz\/wp-content\/uploads\/2024\/08\/IMG_6184-Velke-2-300x169.jpg\" data-width=\"300\" data-height=\"169\" aria-label=\"\" role=\"img\" ><\/div>\n\t\t\t\t\t\t\t\t\t\t\t<div class=\"elementor-gallery-item__overlay\"><\/div>\n\t\t\t\t\t\t\t\t\t\t\t\t\t\t<\/a>\n\t\t\t\t\t\t\t<a class=\"e-gallery-item elementor-gallery-item elementor-animated-content\" href=\"https:\/\/unita.cz\/wp-content\/uploads\/2024\/08\/IMG_7669-Velke-2.jpg\" data-elementor-open-lightbox=\"yes\" data-elementor-lightbox-slideshow=\"a608c24\" data-elementor-lightbox-title=\"IMG_7669 (Velk\u00e9) (2)\" data-e-action-hash=\"#elementor-action%3Aaction%3Dlightbox%26settings%3DeyJpZCI6MTExOCwidXJsIjoiaHR0cHM6XC9cL3VuaXRhLmN6XC93cC1jb250ZW50XC91cGxvYWRzXC8yMDI0XC8wOFwvSU1HXzc2NjktVmVsa2UtMi5qcGciLCJzbGlkZXNob3ciOiJhNjA4YzI0In0%3D\">\n\t\t\t\t\t<div class=\"e-gallery-image elementor-gallery-item__image\" data-thumbnail=\"https:\/\/unita.cz\/wp-content\/uploads\/2024\/08\/IMG_7669-Velke-2-300x169.jpg\" data-width=\"300\" data-height=\"169\" aria-label=\"\" role=\"img\" ><\/div>\n\t\t\t\t\t\t\t\t\t\t\t<div class=\"elementor-gallery-item__overlay\"><\/div>\n\t\t\t\t\t\t\t\t\t\t\t\t\t\t<\/a>\n\t\t\t\t\t\t\t<a class=\"e-gallery-item elementor-gallery-item elementor-animated-content\" href=\"https:\/\/unita.cz\/wp-content\/uploads\/2024\/08\/IMG_9728-2.jpg\" data-elementor-open-lightbox=\"yes\" data-elementor-lightbox-slideshow=\"a608c24\" data-elementor-lightbox-title=\"IMG_9728 (2)\" data-e-action-hash=\"#elementor-action%3Aaction%3Dlightbox%26settings%3DeyJpZCI6MTExOSwidXJsIjoiaHR0cHM6XC9cL3VuaXRhLmN6XC93cC1jb250ZW50XC91cGxvYWRzXC8yMDI0XC8wOFwvSU1HXzk3MjgtMi5qcGciLCJzbGlkZXNob3ciOiJhNjA4YzI0In0%3D\">\n\t\t\t\t\t<div class=\"e-gallery-image elementor-gallery-item__image\" data-thumbnail=\"https:\/\/unita.cz\/wp-content\/uploads\/2024\/08\/IMG_9728-2-300x169.jpg\" data-width=\"300\" data-height=\"169\" aria-label=\"\" role=\"img\" ><\/div>\n\t\t\t\t\t\t\t\t\t\t\t<div class=\"elementor-gallery-item__overlay\"><\/div>\n\t\t\t\t\t\t\t\t\t\t\t\t\t\t<\/a>\n\t\t\t\t\t<\/div>\n\t\t\t\t\t<\/div>\n\t\t\t\t<\/div>\n\t\t\t\t\t<\/div>\n\t\t\t\t<\/div>\n\t\t\t\t<\/div>","protected":false},"excerpt":{"rendered":"<p>\u00a0\u00a0\u00a0\u00a0\u00a0\u00a0\u00a0\u00a0\u00a0 UNITA interi\u00e9ry s.r.o.byla zalo\u017eena v roce 1990. Hlavn\u00edm programem firmy byla od za\u010d\u00e1tkuv\u00fdroba chladic\u00edch vitr\u00edn. Po letech \u00fasp\u011b\u0161n\u00e9 \u010dinnosti je firma zn\u00e1m\u00e1p\u0159edev\u0161\u00edm jako zak\u00e1zkov\u00fd v\u00fdrobce komplexn\u00edch dod\u00e1vek interi\u00e9r\u016f prodejenmasa, cukr\u00e1ren, peka\u0159stv\u00ed, bufet\u016f, kiosk\u016f, restaurac\u00ed a kuchyn\u00ed. \u00a0 7 v\u00fdhod pro V\u00e1s&#8230; S n\u00e1mi nemus\u00edte slevit ze sv\u00fdch p\u0159edstav. (Pro V\u00e1s vytvo\u0159\u00edme v\u017edy origin\u00e1l&#8230;) M\u016f\u017eete [&hellip;]<\/p>","protected":false},"author":1,"featured_media":0,"parent":0,"menu_order":0,"comment_status":"closed","ping_status":"closed","template":"","meta":{"footnotes":""},"class_list":["post-27","page","type-page","status-publish","hentry"],"_links":{"self":[{"href":"https:\/\/unita.cz\/en\/wp-json\/wp\/v2\/pages\/27","targetHints":{"allow":["GET"]}}],"collection":[{"href":"https:\/\/unita.cz\/en\/wp-json\/wp\/v2\/pages"}],"about":[{"href":"https:\/\/unita.cz\/en\/wp-json\/wp\/v2\/types\/page"}],"author":[{"embeddable":true,"href":"https:\/\/unita.cz\/en\/wp-json\/wp\/v2\/users\/1"}],"replies":[{"embeddable":true,"href":"https:\/\/unita.cz\/en\/wp-json\/wp\/v2\/comments?post=27"}],"version-history":[{"count":85,"href":"https:\/\/unita.cz\/en\/wp-json\/wp\/v2\/pages\/27\/revisions"}],"predecessor-version":[{"id":2050,"href":"https:\/\/unita.cz\/en\/wp-json\/wp\/v2\/pages\/27\/revisions\/2050"}],"wp:attachment":[{"href":"https:\/\/unita.cz\/en\/wp-json\/wp\/v2\/media?parent=27"}],"curies":[{"name":"wp","href":"https:\/\/api.w.org\/{rel}","templated":true}]}}