{"id":2475,"date":"2025-10-06T14:36:29","date_gmt":"2025-10-06T12:36:29","guid":{"rendered":"https:\/\/unita.cz\/?page_id=2475"},"modified":"2026-03-31T11:45:58","modified_gmt":"2026-03-31T09:45:58","slug":"asistent","status":"publish","type":"page","link":"https:\/\/unita.cz\/en\/asistent\/","title":{"rendered":"Asistent\/ka v\u00fdroby &#8211; p\u0159\u00edprava podklad\u016f"},"content":{"rendered":"<div data-elementor-type=\"wp-page\" data-elementor-id=\"2475\" class=\"elementor elementor-2475\" data-elementor-post-type=\"page\">\n\t\t\t\t<div class=\"elementor-element elementor-element-9cbb1b6 e-flex e-con-boxed e-con e-parent\" data-id=\"9cbb1b6\" data-element_type=\"container\">\n\t\t\t\t\t<div class=\"e-con-inner\">\n\t\t\t\t<div class=\"elementor-element elementor-element-921ca38 elementor-widget elementor-widget-text-editor\" data-id=\"921ca38\" data-element_type=\"widget\" data-widget_type=\"text-editor.default\">\n\t\t\t\t<div class=\"elementor-widget-container\">\n\t\t\t\t\t\t\t\t\t<p><span style=\"color: #000000;\">Jsme stabiln\u00ed firma se zam\u011b\u0159en\u00edm na v\u00fdrobu zak\u00e1zkov\u00fdch interi\u00e9r\u016f s p\u0159\u00e1telsk\u00fdm kolektivem. Do na\u0161eho t\u00fdmu hled\u00e1me spolehliv\u00e9ho a pe\u010dliv\u00e9ho kolegu\/kolegyni, kter\u00fd\/\u00e1 n\u00e1m pom\u016f\u017ee s p\u0159\u00edpravou podklad\u016f pro v\u00fdrobu a postupn\u011b se m\u016f\u017ee st\u00e1t d\u016fle\u017eitou oporou vedouc\u00edho v\u00fdroby.<\/span><\/p>\n<p><span style=\"color: #000000;\"><strong>Co bude Va\u0161\u00ed n\u00e1pln\u00ed pr\u00e1ce:<\/strong><\/span><\/p>\n<ul>\n<li>\n<p><span style=\"color: #000000;\">p\u0159\u00edprava a zpracov\u00e1n\u00ed podklad\u016f pro v\u00fdrobu<\/span><\/p>\n<\/li>\n<li>\n<p><span style=\"color: #000000;\">pr\u00e1ce s v\u00fdkresovou dokumentac\u00ed<\/span><\/p>\n<\/li>\n<li>\n<p><span style=\"color: #000000;\">pr\u00e1ce v Excelu a syst\u00e9mu Helios<\/span><\/p>\n<\/li>\n<li>\n<p><span style=\"color: #000000;\">administrativn\u00ed podpora v\u00fdroby<\/span><\/p>\n<\/li>\n<\/ul>\n<p><span style=\"color: #000000;\"><strong>Koho hled\u00e1me:<\/strong><\/span><\/p>\n<ul>\n<li>\n<p><span style=\"color: #000000;\">spolehliv\u00e9ho a samostatn\u00e9ho \u010dlov\u011bka<\/span><\/p>\n<\/li>\n<li>\n<p><span style=\"color: #000000;\">pe\u010dlivost a smysl pro detail<\/span><\/p>\n<\/li>\n<li>\n<p><span style=\"color: #000000;\">schopnost pracovat a dodr\u017eovat zaveden\u00e9 postupy<\/span><\/p>\n<\/li>\n<li>\n<p><span style=\"color: #000000;\">\u201ezdrav\u00fd selsk\u00fd rozum\u201c a chu\u0165 u\u010dit se nov\u00e9 v\u011bci<\/span><\/p>\n<\/li>\n<li>\n<p><span style=\"color: #000000;\">z\u00e1kladn\u00ed znalost pr\u00e1ce na PC (Excel), Helios v\u00fdhodou<\/span><\/p>\n<\/li>\n<\/ul>\n<p><span style=\"color: #000000;\"><strong>Co nab\u00edz\u00edme:<\/strong><\/span><\/p>\n<ul>\n<li>\n<p><span style=\"color: #000000;\">stabiln\u00ed pr\u00e1ci v men\u0161\u00ed firm\u011b s velmi dobr\u00fdm kolektivem<\/span><\/p>\n<\/li>\n<li>\n<p><span style=\"color: #000000;\">zau\u010den\u00ed a podporu v pr\u016fb\u011bhu za\u0161kolen\u00ed<\/span><\/p>\n<\/li>\n<li>\n<p><span style=\"color: #000000;\">dlouhodobou spolupr\u00e1ci<\/span><\/p>\n<\/li>\n<li>\n<p><span style=\"color: #000000;\">pr\u00e1ci, kter\u00e1 m\u00e1 smysl a viditeln\u00fd v\u00fdsledek<\/span><\/p>\n<\/li>\n<li>\n<p><span style=\"color: #000000;\">firemn\u00ed akce (oslavy, ve\u010d\u00edrky, team buildingy)<\/span><\/p>\n<\/li>\n<li>\n<p><span style=\"color: #000000;\">p\u0159\u00edsp\u011bvky na ob\u011bdy, v\u00fdb\u011brov\u00e1 k\u00e1va zdarma<\/span><\/p>\n<\/li>\n<li>\n<p><span style=\"color: #000000;\">pr\u00e1ce na jednu sm\u011bnu po-p\u00e1<\/span><\/p>\n<\/li>\n<\/ul>\n<p><span style=\"color: #000000;\"><strong>Dal\u0161\u00ed informace:<\/strong><\/span><br \/><span style=\"color: #000000;\">\u201ePr\u00e1ce je vhodn\u00e1 pro n\u011bkoho, kdo m\u00e1 r\u00e1d syst\u00e9m a vyhovuje mu smyslupln\u00e1 pr\u00e1ce.\u201c<\/span><\/p>\n<p><span style=\"color: #000000;\">M\u00edsto v\u00fdkonu pr\u00e1ce: Letohrad<\/span><\/p>\n<p><span style=\"color: #000000;\">Zaujalo v\u00e1s to?<\/span><\/p>\n<p><span style=\"color: #000000;\">Po\u0161lete n\u00e1m sv\u016fj \u017eivotopis a p\u00e1r slov o sob\u011b na\u00a0<b>paveltacl@unita.cz<\/b>\u00a0nebo zavolejte na tel: <b>602 491 840<\/b><\/span><\/p>\t\t\t\t\t\t\t\t<\/div>\n\t\t\t\t<\/div>\n\t\t\t\t\t<\/div>\n\t\t\t\t<\/div>\n\t\t\t\t<\/div>","protected":false},"excerpt":{"rendered":"<p>Jsme stabiln\u00ed firma se zam\u011b\u0159en\u00edm na v\u00fdrobu zak\u00e1zkov\u00fdch interi\u00e9r\u016f s p\u0159\u00e1telsk\u00fdm kolektivem. Do na\u0161eho t\u00fdmu hled\u00e1me spolehliv\u00e9ho a pe\u010dliv\u00e9ho kolegu\/kolegyni, kter\u00fd\/\u00e1 n\u00e1m pom\u016f\u017ee s p\u0159\u00edpravou podklad\u016f pro v\u00fdrobu a postupn\u011b se m\u016f\u017ee st\u00e1t d\u016fle\u017eitou oporou vedouc\u00edho v\u00fdroby. Co bude Va\u0161\u00ed n\u00e1pln\u00ed pr\u00e1ce: p\u0159\u00edprava a zpracov\u00e1n\u00ed podklad\u016f pro v\u00fdrobu pr\u00e1ce s v\u00fdkresovou dokumentac\u00ed pr\u00e1ce v Excelu [&hellip;]<\/p>","protected":false},"author":2,"featured_media":0,"parent":0,"menu_order":0,"comment_status":"closed","ping_status":"closed","template":"","meta":{"footnotes":""},"class_list":["post-2475","page","type-page","status-publish","hentry"],"_links":{"self":[{"href":"https:\/\/unita.cz\/en\/wp-json\/wp\/v2\/pages\/2475","targetHints":{"allow":["GET"]}}],"collection":[{"href":"https:\/\/unita.cz\/en\/wp-json\/wp\/v2\/pages"}],"about":[{"href":"https:\/\/unita.cz\/en\/wp-json\/wp\/v2\/types\/page"}],"author":[{"embeddable":true,"href":"https:\/\/unita.cz\/en\/wp-json\/wp\/v2\/users\/2"}],"replies":[{"embeddable":true,"href":"https:\/\/unita.cz\/en\/wp-json\/wp\/v2\/comments?post=2475"}],"version-history":[{"count":12,"href":"https:\/\/unita.cz\/en\/wp-json\/wp\/v2\/pages\/2475\/revisions"}],"predecessor-version":[{"id":2663,"href":"https:\/\/unita.cz\/en\/wp-json\/wp\/v2\/pages\/2475\/revisions\/2663"}],"wp:attachment":[{"href":"https:\/\/unita.cz\/en\/wp-json\/wp\/v2\/media?parent=2475"}],"curies":[{"name":"wp","href":"https:\/\/api.w.org\/{rel}","templated":true}]}}